{"id":615,"date":"2025-05-15T18:11:09","date_gmt":"2025-05-15T18:11:09","guid":{"rendered":"https:\/\/investinmayotte.fr\/?page_id=615"},"modified":"2025-11-04T14:08:35","modified_gmt":"2025-11-04T11:08:35","slug":"a-propos","status":"publish","type":"page","link":"https:\/\/www.investinmayotte.fr\/en\/a-propos\/","title":{"rendered":"about"},"content":{"rendered":"<div data-elementor-type=\"wp-page\" data-elementor-id=\"615\" class=\"elementor elementor-615\" data-elementor-post-type=\"page\">\n\t\t\t\t<div class=\"elementor-element elementor-element-5266fb6 e-flex e-con-boxed e-con e-parent\" data-id=\"5266fb6\" data-element_type=\"container\" data-e-type=\"container\">\n\t\t\t\t\t<div class=\"e-con-inner\">\n\t\t\t\t<div class=\"elementor-element elementor-element-ceddcf5 elementor-widget__width-initial elementor-widget elementor-widget-heading\" data-id=\"ceddcf5\" data-element_type=\"widget\" data-e-type=\"widget\" data-widget_type=\"heading.default\">\n\t\t\t\t<div class=\"elementor-widget-container\">\n\t\t\t\t\t<h1 class=\"elementor-heading-title elementor-size-default\">About<b>ADIM<\/b><\/h1>\t\t\t\t<\/div>\n\t\t\t\t<\/div>\n\t\t\t\t<div class=\"elementor-element elementor-element-be4103f elementor-widget__width-initial elementor-widget-mobile__width-inherit elementor-widget elementor-widget-heading\" data-id=\"be4103f\" data-element_type=\"widget\" data-e-type=\"widget\" data-widget_type=\"heading.default\">\n\t\t\t\t<div class=\"elementor-widget-container\">\n\t\t\t\t\t<p class=\"elementor-heading-title elementor-size-default\"><b>The Mayotte Development and Innovation Agency (ADIM) <\/b>is a major public player dedicated to the economic growth of the Mayotte region. <\/p>\t\t\t\t<\/div>\n\t\t\t\t<\/div>\n\t\t\t\t\t<\/div>\n\t\t\t\t<\/div>\n\t\t<div class=\"elementor-element elementor-element-5702d6c e-con-full e-flex e-con e-parent\" data-id=\"5702d6c\" data-element_type=\"container\" data-e-type=\"container\">\n\t\t\t\t<div class=\"elementor-element elementor-element-417f03e elementor-widget__width-inherit elementor-invisible elementor-widget elementor-widget-image\" data-id=\"417f03e\" data-element_type=\"widget\" data-e-type=\"widget\" data-settings=\"{&quot;_animation&quot;:&quot;slideInUp&quot;,&quot;_animation_delay&quot;:200}\" data-widget_type=\"image.default\">\n\t\t\t\t<div class=\"elementor-widget-container\">\n\t\t\t\t\t\t\t\t\t\t\t\t\t\t\t<img fetchpriority=\"high\" decoding=\"async\" width=\"1080\" height=\"704\" src=\"https:\/\/www.investinmayotte.fr\/wp-content\/uploads\/2025\/06\/Contact-Invest-in-mayotte.png\" class=\"attachment-full size-full wp-image-1247\" alt=\"\" srcset=\"https:\/\/www.investinmayotte.fr\/wp-content\/uploads\/2025\/06\/Contact-Invest-in-mayotte.png 1080w, https:\/\/www.investinmayotte.fr\/wp-content\/uploads\/2025\/06\/Contact-Invest-in-mayotte-300x196.png 300w, https:\/\/www.investinmayotte.fr\/wp-content\/uploads\/2025\/06\/Contact-Invest-in-mayotte-1024x667.png 1024w, https:\/\/www.investinmayotte.fr\/wp-content\/uploads\/2025\/06\/Contact-Invest-in-mayotte-768x501.png 768w\" sizes=\"(max-width: 1080px) 100vw, 1080px\" \/>\t\t\t\t\t\t\t\t\t\t\t\t\t\t\t<\/div>\n\t\t\t\t<\/div>\n\t\t\t\t<div class=\"elementor-element elementor-element-03a7e24 elementor-widget__width-initial animated-fast elementor-invisible elementor-widget elementor-widget-image\" data-id=\"03a7e24\" data-element_type=\"widget\" data-e-type=\"widget\" data-settings=\"{&quot;_animation&quot;:&quot;slideInUp&quot;}\" data-widget_type=\"image.default\">\n\t\t\t\t<div class=\"elementor-widget-container\">\n\t\t\t\t\t\t\t\t\t\t\t\t\t\t\t<img decoding=\"async\" width=\"1280\" height=\"855\" src=\"https:\/\/www.investinmayotte.fr\/wp-content\/uploads\/2025\/05\/pexels-divinetechygirl-1181421.jpg\" class=\"attachment-full size-full wp-image-716\" alt=\"\" srcset=\"https:\/\/www.investinmayotte.fr\/wp-content\/uploads\/2025\/05\/pexels-divinetechygirl-1181421.jpg 1280w, https:\/\/www.investinmayotte.fr\/wp-content\/uploads\/2025\/05\/pexels-divinetechygirl-1181421-300x200.jpg 300w, https:\/\/www.investinmayotte.fr\/wp-content\/uploads\/2025\/05\/pexels-divinetechygirl-1181421-1024x684.jpg 1024w, https:\/\/www.investinmayotte.fr\/wp-content\/uploads\/2025\/05\/pexels-divinetechygirl-1181421-768x513.jpg 768w\" sizes=\"(max-width: 1280px) 100vw, 1280px\" \/>\t\t\t\t\t\t\t\t\t\t\t\t\t\t\t<\/div>\n\t\t\t\t<\/div>\n\t\t\t\t<\/div>\n\t\t<div class=\"elementor-element elementor-element-4a44405 e-flex e-con-boxed e-con e-parent\" data-id=\"4a44405\" data-element_type=\"container\" data-e-type=\"container\">\n\t\t\t\t\t<div class=\"e-con-inner\">\n\t\t<div class=\"elementor-element elementor-element-1a94929 e-con-full e-flex e-con e-child\" data-id=\"1a94929\" data-element_type=\"container\" data-e-type=\"container\">\n\t\t\t\t<div class=\"elementor-element elementor-element-5c7048f elementor-widget elementor-widget-image\" data-id=\"5c7048f\" data-element_type=\"widget\" data-e-type=\"widget\" data-widget_type=\"image.default\">\n\t\t\t\t<div class=\"elementor-widget-container\">\n\t\t\t\t\t\t\t\t\t\t\t\t\t\t\t<img decoding=\"async\" width=\"348\" height=\"145\" src=\"https:\/\/www.investinmayotte.fr\/wp-content\/uploads\/2025\/05\/company_107-logoFile_2024-10-25-172235-71b79ee8.png\" class=\"attachment-full size-full wp-image-736\" alt=\"\" srcset=\"https:\/\/www.investinmayotte.fr\/wp-content\/uploads\/2025\/05\/company_107-logoFile_2024-10-25-172235-71b79ee8.png 348w, https:\/\/www.investinmayotte.fr\/wp-content\/uploads\/2025\/05\/company_107-logoFile_2024-10-25-172235-71b79ee8-300x125.png 300w\" sizes=\"(max-width: 348px) 100vw, 348px\" \/>\t\t\t\t\t\t\t\t\t\t\t\t\t\t\t<\/div>\n\t\t\t\t<\/div>\n\t\t\t\t<\/div>\n\t\t<div class=\"elementor-element elementor-element-0c1e35d e-con-full e-flex e-con e-child\" data-id=\"0c1e35d\" data-element_type=\"container\" data-e-type=\"container\">\n\t\t\t\t<div class=\"elementor-element elementor-element-057a812 elementor-widget elementor-widget-text-editor\" data-id=\"057a812\" data-element_type=\"widget\" data-e-type=\"widget\" data-widget_type=\"text-editor.default\">\n\t\t\t\t<div class=\"elementor-widget-container\">\n\t\t\t\t\t\t\t\t\t<p>Created in 2016, ADIM is a public interest group whose objective is the economic development of Mayotte, and its promotion in France and abroad, within the framework of the guidelines defined by the Departmental Council and in complementarity with the own action of its services. It supports project leaders, supports local businesses, facilitates innovation and strengthens the attractiveness of the territory, in close collaboration with the institutional, economic and social actors of the island.<\/p>\t\t\t\t\t\t\t\t<\/div>\n\t\t\t\t<\/div>\n\t\t<div class=\"elementor-element elementor-element-369320c e-con-full e-flex e-con e-child\" data-id=\"369320c\" data-element_type=\"container\" data-e-type=\"container\" data-settings=\"{&quot;background_background&quot;:&quot;classic&quot;}\">\n\t\t\t\t<div class=\"elementor-element elementor-element-d88f09c elementor-icon-list--layout-traditional elementor-list-item-link-full_width elementor-widget elementor-widget-icon-list\" data-id=\"d88f09c\" data-element_type=\"widget\" data-e-type=\"widget\" data-widget_type=\"icon-list.default\">\n\t\t\t\t<div class=\"elementor-widget-container\">\n\t\t\t\t\t\t\t<ul class=\"elementor-icon-list-items\">\n\t\t\t\t\t\t\t<li class=\"elementor-icon-list-item\">\n\t\t\t\t\t\t\t\t\t\t\t<span class=\"elementor-icon-list-icon\">\n\t\t\t\t\t\t\t<i aria-hidden=\"true\" class=\"iconphosphor-regular icon-phosphor-regulartarget\"><\/i>\t\t\t\t\t\t<\/span>\n\t\t\t\t\t\t\t\t\t\t<span class=\"elementor-icon-list-text\">Why do we exist?<\/span>\n\t\t\t\t\t\t\t\t\t<\/li>\n\t\t\t\t\t\t<\/ul>\n\t\t\t\t\t\t<\/div>\n\t\t\t\t<\/div>\n\t\t<div class=\"elementor-element elementor-element-29ce29f e-con-full e-flex e-con e-child\" data-id=\"29ce29f\" data-element_type=\"container\" data-e-type=\"container\">\n\t\t\t\t<div class=\"elementor-element elementor-element-abd5f0b elementor-invisible elementor-widget elementor-widget-heading\" data-id=\"abd5f0b\" data-element_type=\"widget\" data-e-type=\"widget\" data-settings=\"{&quot;_animation&quot;:&quot;slideInUp&quot;}\" data-widget_type=\"heading.default\">\n\t\t\t\t<div class=\"elementor-widget-container\">\n\t\t\t\t\t<h2 class=\"elementor-heading-title elementor-size-default\">Our <b>mission<\/b><\/h2>\t\t\t\t<\/div>\n\t\t\t\t<\/div>\n\t\t\t\t<\/div>\n\t\t\t\t<div class=\"elementor-element elementor-element-3c308bc elementor-widget elementor-widget-text-editor\" data-id=\"3c308bc\" data-element_type=\"widget\" data-e-type=\"widget\" data-widget_type=\"text-editor.default\">\n\t\t\t\t<div class=\"elementor-widget-container\">\n\t\t\t\t\t\t\t\t\t<p>Making Mayotte a land of opportunity for local, national, and international investors. Through targeted actions, strategic studies, and personalized support, we work towards the sustainable and inclusive development of the Mayotte economy.<\/p>\t\t\t\t\t\t\t\t<\/div>\n\t\t\t\t<\/div>\n\t\t\t\t<\/div>\n\t\t\t\t<\/div>\n\t\t\t\t\t<\/div>\n\t\t\t\t<\/div>\n\t\t<div class=\"elementor-element elementor-element-5ceae6c e-con-full e-flex e-con e-parent\" data-id=\"5ceae6c\" data-element_type=\"container\" data-e-type=\"container\" data-settings=\"{&quot;background_background&quot;:&quot;classic&quot;}\">\n\t\t<div class=\"elementor-element elementor-element-e711e87 e-flex e-con-boxed e-con e-child\" data-id=\"e711e87\" data-element_type=\"container\" data-e-type=\"container\" data-settings=\"{&quot;background_background&quot;:&quot;classic&quot;}\">\n\t\t\t\t\t<div class=\"e-con-inner\">\n\t\t<div class=\"elementor-element elementor-element-6c80b26 e-con-full e-flex e-con e-child\" data-id=\"6c80b26\" data-element_type=\"container\" data-e-type=\"container\">\n\t\t\t\t<div class=\"elementor-element elementor-element-c543243 elementor-widget elementor-widget-heading\" data-id=\"c543243\" data-element_type=\"widget\" data-e-type=\"widget\" data-widget_type=\"heading.default\">\n\t\t\t\t<div class=\"elementor-widget-container\">\n\t\t\t\t\t<h2 class=\"elementor-heading-title elementor-size-default\"><b>Invest in Mayotte:<\/b> a project led by ADIM\n<\/h2>\t\t\t\t<\/div>\n\t\t\t\t<\/div>\n\t\t\t\t<div class=\"elementor-element elementor-element-01968df elementor-widget elementor-widget-text-editor\" data-id=\"01968df\" data-element_type=\"widget\" data-e-type=\"widget\" data-widget_type=\"text-editor.default\">\n\t\t\t\t<div class=\"elementor-widget-container\">\n\t\t\t\t\t\t\t\t\t<p><b>\u00ab Invest in Mayotte \u00bb<\/b><span style=\"font-weight: 400;\"> is an initiative led by ADIM to promote Mayotte's economic potential and highlight the many investment opportunities on offer in the territory. The site has been designed as a single entry point for investors, entrepreneurs and economic decision-makers to locate and develop their activities in Mayotte. It also provides visibility for investments in the structuring of local industries, and for the development of sustainable economic partnerships. Today, Mayotte has established itself as a central territory, at the crossroads of economic routes between Africa, the Indian Ocean and Europe. <\/span><\/p>\t\t\t\t\t\t\t\t<\/div>\n\t\t\t\t<\/div>\n\t\t\t\t<\/div>\n\t\t<div class=\"elementor-element elementor-element-611ec4b e-con-full e-flex e-con e-child\" data-id=\"611ec4b\" data-element_type=\"container\" data-e-type=\"container\" data-settings=\"{&quot;background_background&quot;:&quot;classic&quot;}\">\n\t\t\t\t<div class=\"elementor-element elementor-element-d227d2b elementor-widget-mobile__width-initial elementor-widget__width-inherit elementor-widget elementor-widget-heading\" data-id=\"d227d2b\" data-element_type=\"widget\" data-e-type=\"widget\" data-widget_type=\"heading.default\">\n\t\t\t\t<div class=\"elementor-widget-container\">\n\t\t\t\t\t<h3 class=\"elementor-heading-title elementor-size-default\">Through this platform, ADIM provides :<\/h3>\t\t\t\t<\/div>\n\t\t\t\t<\/div>\n\t\t\t\t<div class=\"elementor-element elementor-element-9faa280 elementor-icon-list--layout-traditional elementor-list-item-link-full_width elementor-widget elementor-widget-icon-list\" data-id=\"9faa280\" data-element_type=\"widget\" data-e-type=\"widget\" data-widget_type=\"icon-list.default\">\n\t\t\t\t<div class=\"elementor-widget-container\">\n\t\t\t\t\t\t\t<ul class=\"elementor-icon-list-items\">\n\t\t\t\t\t\t\t<li class=\"elementor-icon-list-item\">\n\t\t\t\t\t\t\t\t\t\t\t<span class=\"elementor-icon-list-icon\">\n\t\t\t\t\t\t\t<i aria-hidden=\"true\" class=\"iconphosphor-regular icon-phosphor-regularcheck\"><\/i>\t\t\t\t\t\t<\/span>\n\t\t\t\t\t\t\t\t\t\t<span class=\"elementor-icon-list-text\">Key information on the local economic environment<\/span>\n\t\t\t\t\t\t\t\t\t<\/li>\n\t\t\t\t\t\t\t\t<li class=\"elementor-icon-list-item\">\n\t\t\t\t\t\t\t\t\t\t\t<span class=\"elementor-icon-list-icon\">\n\t\t\t\t\t\t\t<i aria-hidden=\"true\" class=\"iconphosphor-regular icon-phosphor-regularcheck\"><\/i>\t\t\t\t\t\t<\/span>\n\t\t\t\t\t\t\t\t\t\t<span class=\"elementor-icon-list-text\">Updated data on promising sectors and structuring projects<\/span>\n\t\t\t\t\t\t\t\t\t<\/li>\n\t\t\t\t\t\t\t\t<li class=\"elementor-icon-list-item\">\n\t\t\t\t\t\t\t\t\t\t\t<span class=\"elementor-icon-list-icon\">\n\t\t\t\t\t\t\t<i aria-hidden=\"true\" class=\"iconphosphor-regular icon-phosphor-regularcheck\"><\/i>\t\t\t\t\t\t<\/span>\n\t\t\t\t\t\t\t\t\t\t<span class=\"elementor-icon-list-text\">Testimonies from committed economic actors<\/span>\n\t\t\t\t\t\t\t\t\t<\/li>\n\t\t\t\t\t\t\t\t<li class=\"elementor-icon-list-item\">\n\t\t\t\t\t\t\t\t\t\t\t<span class=\"elementor-icon-list-icon\">\n\t\t\t\t\t\t\t<i aria-hidden=\"true\" class=\"iconphosphor-regular icon-phosphor-regularcheck\"><\/i>\t\t\t\t\t\t<\/span>\n\t\t\t\t\t\t\t\t\t\t<span class=\"elementor-icon-list-text\">Tools to facilitate the implementation and development of investments<\/span>\n\t\t\t\t\t\t\t\t\t<\/li>\n\t\t\t\t\t\t<\/ul>\n\t\t\t\t\t\t<\/div>\n\t\t\t\t<\/div>\n\t\t\t\t<\/div>\n\t\t\t\t\t<\/div>\n\t\t\t\t<\/div>\n\t\t<div class=\"elementor-element elementor-element-3ffba96 e-flex e-con-boxed e-con e-child\" data-id=\"3ffba96\" data-element_type=\"container\" data-e-type=\"container\">\n\t\t\t\t\t<div class=\"e-con-inner\">\n\t\t<div class=\"elementor-element elementor-element-e38194e e-con-full e-flex e-con e-child\" data-id=\"e38194e\" data-element_type=\"container\" data-e-type=\"container\" data-settings=\"{&quot;background_background&quot;:&quot;classic&quot;}\">\n\t\t\t\t<div class=\"elementor-element elementor-element-33b8e1a elementor-widget-mobile__width-inherit elementor-widget elementor-widget-heading\" data-id=\"33b8e1a\" data-element_type=\"widget\" data-e-type=\"widget\" data-widget_type=\"heading.default\">\n\t\t\t\t<div class=\"elementor-widget-container\">\n\t\t\t\t\t<p class=\"elementor-heading-title elementor-size-default\"><b>Invest in Mayotte<\/b> embodies the ambition to reveal Mayotte as a territory of the future: dynamic, connected and resolutely turned towards the world.<\/p>\t\t\t\t<\/div>\n\t\t\t\t<\/div>\n\t\t<div class=\"elementor-element elementor-element-5f014c3 e-con-full e-flex e-con e-child\" data-id=\"5f014c3\" data-element_type=\"container\" data-e-type=\"container\">\n\t\t\t\t<div class=\"elementor-element elementor-element-06e1960 elementor-widget elementor-widget-text-editor\" data-id=\"06e1960\" data-element_type=\"widget\" data-e-type=\"widget\" data-widget_type=\"text-editor.default\">\n\t\t\t\t<div class=\"elementor-widget-container\">\n\t\t\t\t\t\t\t\t\t<p>For more information about ADIM, visit our website<\/p>\t\t\t\t\t\t\t\t<\/div>\n\t\t\t\t<\/div>\n\t\t\t\t<div class=\"elementor-element elementor-element-864c48b e-transform elementor-widget elementor-widget-button\" data-id=\"864c48b\" data-element_type=\"widget\" data-e-type=\"widget\" data-settings=\"{&quot;_transform_scale_effect_hover&quot;:{&quot;unit&quot;:&quot;px&quot;,&quot;size&quot;:1.0300000000000000266453525910037569701671600341796875,&quot;sizes&quot;:[]},&quot;_transform_scale_effect_hover_laptop&quot;:{&quot;unit&quot;:&quot;px&quot;,&quot;size&quot;:&quot;&quot;,&quot;sizes&quot;:[]},&quot;_transform_scale_effect_hover_tablet&quot;:{&quot;unit&quot;:&quot;px&quot;,&quot;size&quot;:&quot;&quot;,&quot;sizes&quot;:[]},&quot;_transform_scale_effect_hover_mobile&quot;:{&quot;unit&quot;:&quot;px&quot;,&quot;size&quot;:&quot;&quot;,&quot;sizes&quot;:[]}}\" data-widget_type=\"button.default\">\n\t\t\t\t<div class=\"elementor-widget-container\">\n\t\t\t\t\t\t\t\t\t<div class=\"elementor-button-wrapper\">\n\t\t\t\t\t<a class=\"elementor-button elementor-button-link elementor-size-sm\" href=\"https:\/\/www.adim-mayotte.fr\" target=\"_blank\" rel=\"noopener\">\n\t\t\t\t\t\t<span class=\"elementor-button-content-wrapper\">\n\t\t\t\t\t\t<span class=\"elementor-button-icon\">\n\t\t\t\t<i aria-hidden=\"true\" class=\"iconphosphor-regular icon-phosphor-regulararrow-up-right-1\"><\/i>\t\t\t<\/span>\n\t\t\t\t\t\t\t\t\t<span class=\"elementor-button-text\">adim-mayotte.fr<\/span>\n\t\t\t\t\t<\/span>\n\t\t\t\t\t<\/a>\n\t\t\t\t<\/div>\n\t\t\t\t\t\t\t\t<\/div>\n\t\t\t\t<\/div>\n\t\t\t\t<\/div>\n\t\t\t\t<\/div>\n\t\t\t\t\t<\/div>\n\t\t\t\t<\/div>\n\t\t\t\t<\/div>\n\t\t\t\t<\/div>","protected":false},"excerpt":{"rendered":"<p>\u00c0 propos de l\u2019ADIM L\u2019Agence de D\u00e9veloppement et d\u2019Innovation de Mayotte (ADIM) est un acteur public majeur d\u00e9di\u00e9 \u00e0 la croissance \u00e9conomique du territoire mahorais. Cr\u00e9\u00e9e en 2016, l\u2019ADIM est un groupement d&rsquo;int\u00e9r\u00eat Public qui a pour objet le d\u00e9veloppement \u00e9conomique de Mayotte, et sa promotion en France et \u00e0 l&rsquo;\u00e9tranger, dans le cadre des [&hellip;]<\/p>\n","protected":false},"author":1,"featured_media":0,"parent":0,"menu_order":0,"comment_status":"closed","ping_status":"closed","template":"","meta":{"_acf_changed":false,"footnotes":""},"class_list":["post-615","page","type-page","status-publish","hentry"],"blocksy_meta":[],"acf":[],"_links":{"self":[{"href":"https:\/\/www.investinmayotte.fr\/en\/wp-json\/wp\/v2\/pages\/615","targetHints":{"allow":["GET"]}}],"collection":[{"href":"https:\/\/www.investinmayotte.fr\/en\/wp-json\/wp\/v2\/pages"}],"about":[{"href":"https:\/\/www.investinmayotte.fr\/en\/wp-json\/wp\/v2\/types\/page"}],"author":[{"embeddable":true,"href":"https:\/\/www.investinmayotte.fr\/en\/wp-json\/wp\/v2\/users\/1"}],"replies":[{"embeddable":true,"href":"https:\/\/www.investinmayotte.fr\/en\/wp-json\/wp\/v2\/comments?post=615"}],"version-history":[{"count":50,"href":"https:\/\/www.investinmayotte.fr\/en\/wp-json\/wp\/v2\/pages\/615\/revisions"}],"predecessor-version":[{"id":1435,"href":"https:\/\/www.investinmayotte.fr\/en\/wp-json\/wp\/v2\/pages\/615\/revisions\/1435"}],"wp:attachment":[{"href":"https:\/\/www.investinmayotte.fr\/en\/wp-json\/wp\/v2\/media?parent=615"}],"curies":[{"name":"wp","href":"https:\/\/api.w.org\/{rel}","templated":true}]}}