{"id":599,"date":"2025-05-15T18:01:14","date_gmt":"2025-05-15T18:01:14","guid":{"rendered":"https:\/\/investinmayotte.fr\/?page_id=599"},"modified":"2026-03-09T14:57:00","modified_gmt":"2026-03-09T11:57:00","slug":"mentions-legales","status":"publish","type":"page","link":"https:\/\/www.investinmayotte.fr\/en\/mentions-legales\/","title":{"rendered":"Legal notices"},"content":{"rendered":"<div data-elementor-type=\"wp-page\" data-elementor-id=\"599\" class=\"elementor elementor-599\" data-elementor-post-type=\"page\">\n\t\t\t\t<div class=\"elementor-element elementor-element-2f39f89 e-flex e-con-boxed e-con e-parent\" data-id=\"2f39f89\" data-element_type=\"container\" data-e-type=\"container\" data-settings=\"{&quot;background_background&quot;:&quot;classic&quot;}\">\n\t\t\t\t\t<div class=\"e-con-inner\">\n\t\t\t\t<div class=\"elementor-element elementor-element-ba0f3ba elementor-widget__width-initial elementor-widget elementor-widget-heading\" data-id=\"ba0f3ba\" data-element_type=\"widget\" data-e-type=\"widget\" data-widget_type=\"heading.default\">\n\t\t\t\t<div class=\"elementor-widget-container\">\n\t\t\t\t\t<h1 class=\"elementor-heading-title elementor-size-default\">Legal notices<\/h1>\t\t\t\t<\/div>\n\t\t\t\t<\/div>\n\t\t\t\t\t<\/div>\n\t\t\t\t<\/div>\n\t\t<div class=\"elementor-element elementor-element-c43d187 e-flex e-con-boxed e-con e-parent\" data-id=\"c43d187\" data-element_type=\"container\" data-e-type=\"container\" data-settings=\"{&quot;background_background&quot;:&quot;classic&quot;}\">\n\t\t\t\t\t<div class=\"e-con-inner\">\n\t\t\t\t<div class=\"elementor-element elementor-element-65ed27d elementor-widget elementor-widget-text-editor\" data-id=\"65ed27d\" data-element_type=\"widget\" data-e-type=\"widget\" data-widget_type=\"text-editor.default\">\n\t\t\t\t<div class=\"elementor-widget-container\">\n\t\t\t\t\t\t\t\t\t<h2><span style=\"font-weight: 400;\">Legal notices<\/span><\/h2><p><span style=\"font-weight: 400;\">The invest in Mayotte website is published by :<\/span><\/p><p><span style=\"font-weight: 400;\">THE ESN, ANETSYS<\/span><\/p><p><span style=\"font-weight: 400;\">100 rue d'Estienne d'Orves - Reims - 51100 - France\u00a0\u00a0<\/span><\/p><p><span style=\"font-weight: 400;\">Company name :\u00a0<\/span><\/p><p><span style=\"font-weight: 400;\">Company name: ANETSYS\u00a0<\/span><\/p><ul><li style=\"font-weight: 400;\" aria-level=\"1\"><b>Head office address<\/b><span style=\"font-weight: 400;\"> 100 rue d'Estienne d'Orves, 51100 REIMS<\/span><\/li><li style=\"font-weight: 400;\" aria-level=\"1\"><b>Phone<\/b><span style=\"font-weight: 400;\"> : <\/span><b>\u00a0<\/b><a href=\"https:\/\/www.google.com\/search?q=anetsys&amp;rlz=1C1VDKB_enFR1154FR1155&amp;oq=Anetsys+&amp;gs_lcrp=EgZjaHJvbWUqDAgAEEUYOxiABBiiBDIMCAAQRRg7GIAEGKIEMgYIARAjGCcyBggCECMYJzIHCAMQABiABDIGCAQQRRg8MgYIBRBFGD0yBggGEEUYPTIGCAcQRRg80gEINTI3OWowajeoAgCwAgA&amp;sourceid=chrome&amp;ie=UTF-8\" target=\"_blank\" rel=\"noopener\"><span style=\"font-weight: 400;\">+33 3 74 47 58 59<\/span><\/a><\/li><li style=\"font-weight: 400;\" aria-level=\"1\"><b>E-mail address<\/b><span style=\"font-weight: 400;\"> : contact@anetsys.com<\/span><\/li><li style=\"font-weight: 400;\" aria-level=\"1\"><b>SIRET number<\/b><span style=\"font-weight: 400;\"> : 85330741100035<\/span><\/li><li style=\"font-weight: 400;\" aria-level=\"1\"><b>SIREN number\u00a0<\/b><span style=\"font-weight: 400;\">: 853307411<\/span><\/li><li style=\"font-weight: 400;\" aria-level=\"1\"><b>VAT number<\/b><span style=\"font-weight: 400;\"> FR95853307411<\/span><\/li><\/ul><p><span style=\"font-weight: 400;\">The publisher undertakes to comply with all laws concerning the establishment and operation of a website.<\/span><b><\/b><\/p><h2><span style=\"font-weight: 400;\">Hosted by<\/span><\/h2><p><span style=\"font-weight: 400;\">Hosting company name: ANETSYS<\/span><b><\/b><\/p><h2><span style=\"font-weight: 400;\">Intellectual property<\/span><\/h2><p><span style=\"font-weight: 400;\">The entire content of the investinmayotte.fr website (text, images, graphics, logos, videos, downloadable documents, etc.) is protected by current intellectual property laws and is the exclusive property of <\/span><b>Mayotte Economic Development Agency<\/b><span style=\"font-weight: 400;\"> (ADIM) or its partners who have authorized their use.<\/span><\/p><p><span style=\"font-weight: 400;\">Any reproduction, representation, modification, publication, adaptation of all or part of the elements of the site, whatever the means or the process used, is prohibited except prior written authorization of <\/span><b>ADIM<\/b><b><\/b><\/p><h2><span style=\"font-weight: 400;\">Liability<\/span><\/h2><p><span style=\"font-weight: 400;\">The information published on the invest in Mayotte website is provided for information purposes only and is subject to change.<\/span><span style=\"font-weight: 400;\"><br \/><\/span><b>ADIM<\/b><span style=\"font-weight: 400;\"> makes every effort to ensure that the information provided is accurate, up-to-date and complete, but cannot be held responsible for any errors, omissions or results that may arise from its use.<\/span><\/p><p><span style=\"font-weight: 400;\">The user is solely responsible for the use he makes of the information accessible on this site.<\/span><b><\/b><\/p><h2><span style=\"font-weight: 400;\">Personal data<\/span><\/h2><p><span style=\"font-weight: 400;\">In accordance with European regulations (RGPD - General Data Protection Regulation), users have the following rights over their personal data:<\/span><\/p><ul><li style=\"font-weight: 400;\" aria-level=\"1\"><span style=\"font-weight: 400;\">Right of access, rectification, deletion, restriction and opposition<\/span><\/li><li style=\"font-weight: 400;\" aria-level=\"1\"><span style=\"font-weight: 400;\">Right to portability<\/span><\/li><li style=\"font-weight: 400;\" aria-level=\"1\"><span style=\"font-weight: 400;\">Right to lodge a complaint with the CNIL<\/span><\/li><\/ul><p><span style=\"font-weight: 400;\">The data collected via the forms is intended exclusively for <\/span><b>ADIM,<\/b><span style=\"font-weight: 400;\"> and are not transferred or resold to third parties.<\/span><\/p><p><span style=\"font-weight: 400;\">To exercise your rights, please contact our Data Protection Officer (DPO) at the following address:<\/span><\/p><p><a href=\"mailto:contact@adim-mayotte.fr\"><span style=\"font-weight: 400;\">contact@adim-mayotte.fr<\/span><\/a><span style=\"font-weight: 400;\">\u00a0<\/span><b><\/b><\/p><h2><span style=\"font-weight: 400;\">Cookies and trackers<\/span><\/h2><p><span style=\"font-weight: 400;\">When browsing the site, cookies may be placed on your terminal. These cookies are used solely for :<\/span><\/p><ul><li style=\"font-weight: 400;\" aria-level=\"1\"><span style=\"font-weight: 400;\">Audience and traffic measurement<\/span><\/li><li style=\"font-weight: 400;\" aria-level=\"1\"><span style=\"font-weight: 400;\">Enhanced user experience<\/span><\/li><li style=\"font-weight: 400;\" aria-level=\"1\"><span style=\"font-weight: 400;\">Content customization, if required<\/span><\/li><\/ul><p><span style=\"font-weight: 400;\">You can accept or refuse cookies at any time by clicking on the \"Accept\" button or by adjusting your browser settings.<\/span><b><\/b><\/p><h2><span style=\"font-weight: 400;\">Hyperlinks<\/span><\/h2><p><span style=\"font-weight: 400;\">The site may contain links to other websites on which <\/span><b>Mayotte Economic Development Agency<\/b><span style=\"font-weight: 400;\"> does not exercise any control. It accepts no responsibility for the content or use of these sites.<\/span><b><\/b><\/p><h2><span style=\"font-weight: 400;\">Applicable law and jurisdiction<\/span><\/h2><p><span style=\"font-weight: 400;\">This legal notice is subject to <\/span><b>French law<\/b><span style=\"font-weight: 400;\">.<\/span><span style=\"font-weight: 400;\"><br \/><\/span><span style=\"font-weight: 400;\">In the event of a dispute, the French courts will have exclusive jurisdiction.<\/span><\/p>\t\t\t\t\t\t\t\t<\/div>\n\t\t\t\t<\/div>\n\t\t\t\t\t<\/div>\n\t\t\t\t<\/div>\n\t\t\t\t<\/div>","protected":false},"excerpt":{"rendered":"<p>Mentions l\u00e9gales \u00c9diteur du site Le site internet invest in Mayotte est \u00e9dit\u00e9 par : L\u2019ESN, ANETSYS 100 rue d\u2019Estienne d\u2019Orves \u2013 Reims \u2013 51100 \u2013 France\u00a0\u00a0 D\u00e9nomination sociale\u00a0:\u00a0 Nom de la soci\u00e9t\u00e9\u00a0: ANETSYS\u00a0 Adresse du si\u00e8ge social : 100 rue d\u2019Estienne d\u2019Orves, 51100 REIMS T\u00e9l\u00e9phone : \u00a0+33 3 74 47 58 59 Adresse e-mail [&hellip;]<\/p>\n","protected":false},"author":1,"featured_media":0,"parent":0,"menu_order":0,"comment_status":"closed","ping_status":"closed","template":"","meta":{"_acf_changed":false,"footnotes":""},"class_list":["post-599","page","type-page","status-publish","hentry"],"blocksy_meta":[],"acf":[],"_links":{"self":[{"href":"https:\/\/www.investinmayotte.fr\/en\/wp-json\/wp\/v2\/pages\/599","targetHints":{"allow":["GET"]}}],"collection":[{"href":"https:\/\/www.investinmayotte.fr\/en\/wp-json\/wp\/v2\/pages"}],"about":[{"href":"https:\/\/www.investinmayotte.fr\/en\/wp-json\/wp\/v2\/types\/page"}],"author":[{"embeddable":true,"href":"https:\/\/www.investinmayotte.fr\/en\/wp-json\/wp\/v2\/users\/1"}],"replies":[{"embeddable":true,"href":"https:\/\/www.investinmayotte.fr\/en\/wp-json\/wp\/v2\/comments?post=599"}],"version-history":[{"count":17,"href":"https:\/\/www.investinmayotte.fr\/en\/wp-json\/wp\/v2\/pages\/599\/revisions"}],"predecessor-version":[{"id":1472,"href":"https:\/\/www.investinmayotte.fr\/en\/wp-json\/wp\/v2\/pages\/599\/revisions\/1472"}],"wp:attachment":[{"href":"https:\/\/www.investinmayotte.fr\/en\/wp-json\/wp\/v2\/media?parent=599"}],"curies":[{"name":"wp","href":"https:\/\/api.w.org\/{rel}","templated":true}]}}