{"id":1066,"date":"2025-06-04T15:12:00","date_gmt":"2025-06-04T13:12:00","guid":{"rendered":"https:\/\/investinmayotte.fr\/?page_id=1066"},"modified":"2025-11-04T14:31:16","modified_gmt":"2025-11-04T11:31:16","slug":"lagon-exceptionnel","status":"publish","type":"page","link":"https:\/\/www.investinmayotte.fr\/en\/lagon-exceptionnel\/","title":{"rendered":"The Mayotte Lagoon"},"content":{"rendered":"<div data-elementor-type=\"wp-page\" data-elementor-id=\"1066\" class=\"elementor elementor-1066\" data-elementor-post-type=\"page\">\n\t\t\t\t<div class=\"elementor-element elementor-element-b732327 e-con-full e-flex e-con e-parent\" data-id=\"b732327\" data-element_type=\"container\" data-e-type=\"container\">\n\t\t<div class=\"elementor-element elementor-element-d280cc9 e-flex e-con-boxed e-con e-child\" data-id=\"d280cc9\" data-element_type=\"container\" data-e-type=\"container\" data-settings=\"{&quot;background_background&quot;:&quot;classic&quot;}\">\n\t\t\t\t\t<div class=\"e-con-inner\">\n\t\t\t\t<div class=\"elementor-element elementor-element-d5eb139 elementor-icon-list--layout-traditional elementor-list-item-link-full_width elementor-widget elementor-widget-icon-list\" data-id=\"d5eb139\" data-element_type=\"widget\" data-e-type=\"widget\" data-widget_type=\"icon-list.default\">\n\t\t\t\t<div class=\"elementor-widget-container\">\n\t\t\t\t\t\t\t<ul class=\"elementor-icon-list-items\">\n\t\t\t\t\t\t\t<li class=\"elementor-icon-list-item\">\n\t\t\t\t\t\t\t\t\t\t\t<span class=\"elementor-icon-list-icon\">\n\t\t\t\t\t\t\t<i aria-hidden=\"true\" class=\"iconphosphor-regular icon-phosphor-regularquestion-mark-1\"><\/i>\t\t\t\t\t\t<\/span>\n\t\t\t\t\t\t\t\t\t\t<span class=\"elementor-icon-list-text\">Why <b>invest <\/b>in Mayotte<\/span>\n\t\t\t\t\t\t\t\t\t<\/li>\n\t\t\t\t\t\t<\/ul>\n\t\t\t\t\t\t<\/div>\n\t\t\t\t<\/div>\n\t\t\t\t<div class=\"elementor-element elementor-element-9d97437 elementor-widget elementor-widget-heading\" data-id=\"9d97437\" data-element_type=\"widget\" data-e-type=\"widget\" data-widget_type=\"heading.default\">\n\t\t\t\t<div class=\"elementor-widget-container\">\n\t\t\t\t\t<h1 class=\"elementor-heading-title elementor-size-default\">The Mayotte Lagoon<\/h1>\t\t\t\t<\/div>\n\t\t\t\t<\/div>\n\t\t\t\t<div class=\"elementor-element elementor-element-faafd10 elementor-widget__width-initial elementor-widget-mobile__width-inherit elementor-widget elementor-widget-heading\" data-id=\"faafd10\" data-element_type=\"widget\" data-e-type=\"widget\" data-widget_type=\"heading.default\">\n\t\t\t\t<div class=\"elementor-widget-container\">\n\t\t\t\t\t<p class=\"elementor-heading-title elementor-size-default\">Mayotte's lagoon, a veritable jewel in the Indian Ocean, is a major asset for the island's economic development and innovation.<\/p>\t\t\t\t<\/div>\n\t\t\t\t<\/div>\n\t\t\t\t\t<\/div>\n\t\t\t\t<\/div>\n\t\t\t\t<\/div>\n\t\t<div class=\"elementor-element elementor-element-a44881b e-flex e-con-boxed e-con e-parent\" data-id=\"a44881b\" data-element_type=\"container\" data-e-type=\"container\" data-settings=\"{&quot;background_background&quot;:&quot;classic&quot;}\">\n\t\t\t\t\t<div class=\"e-con-inner\">\n\t\t\t\t<div class=\"elementor-element elementor-element-b005b38 elementor-widget__width-initial elementor-widget-mobile__width-inherit elementor-widget elementor-widget-image\" data-id=\"b005b38\" data-element_type=\"widget\" data-e-type=\"widget\" data-widget_type=\"image.default\">\n\t\t\t\t<div class=\"elementor-widget-container\">\n\t\t\t\t\t\t\t\t\t\t\t\t\t\t\t<img fetchpriority=\"high\" decoding=\"async\" width=\"2560\" height=\"1435\" src=\"https:\/\/www.investinmayotte.fr\/wp-content\/uploads\/2025\/06\/Mayotte-Barriere-de-corail-min-scaled.jpg\" class=\"attachment-full size-full wp-image-1079\" alt=\"Un lagon exceptionnel ceintur\u00e9 par une double barri\u00e8re de corail\" srcset=\"https:\/\/www.investinmayotte.fr\/wp-content\/uploads\/2025\/06\/Mayotte-Barriere-de-corail-min-scaled.jpg 2560w, https:\/\/www.investinmayotte.fr\/wp-content\/uploads\/2025\/06\/Mayotte-Barriere-de-corail-min-300x168.jpg 300w, https:\/\/www.investinmayotte.fr\/wp-content\/uploads\/2025\/06\/Mayotte-Barriere-de-corail-min-1024x574.jpg 1024w, https:\/\/www.investinmayotte.fr\/wp-content\/uploads\/2025\/06\/Mayotte-Barriere-de-corail-min-768x430.jpg 768w, https:\/\/www.investinmayotte.fr\/wp-content\/uploads\/2025\/06\/Mayotte-Barriere-de-corail-min-1536x861.jpg 1536w, https:\/\/www.investinmayotte.fr\/wp-content\/uploads\/2025\/06\/Mayotte-Barriere-de-corail-min-2048x1148.jpg 2048w\" sizes=\"(max-width: 2560px) 100vw, 2560px\" \/>\t\t\t\t\t\t\t\t\t\t\t\t\t\t\t<\/div>\n\t\t\t\t<\/div>\n\t\t<div class=\"elementor-element elementor-element-903d1bc e-con-full e-flex e-con e-child\" data-id=\"903d1bc\" data-element_type=\"container\" data-e-type=\"container\">\n\t\t\t\t<div class=\"elementor-element elementor-element-7cc85c3 elementor-widget elementor-widget-heading\" data-id=\"7cc85c3\" data-element_type=\"widget\" data-e-type=\"widget\" data-widget_type=\"heading.default\">\n\t\t\t\t<div class=\"elementor-widget-container\">\n\t\t\t\t\t<h2 class=\"elementor-heading-title elementor-size-default\"><b>An exceptional lagoon<\/b> surrounded by a double barrier reef<\/h2>\t\t\t\t<\/div>\n\t\t\t\t<\/div>\n\t\t\t\t<div class=\"elementor-element elementor-element-7246f1f elementor-widget elementor-widget-text-editor\" data-id=\"7246f1f\" data-element_type=\"widget\" data-e-type=\"widget\" data-widget_type=\"text-editor.default\">\n\t\t\t\t<div class=\"elementor-widget-container\">\n\t\t\t\t\t\t\t\t\t<p>Mayotte is surrounded by a rare double barrier reef, one of less than ten in the world. This unique formation creates a lagoon of over 1,500 km\u00b2, offering an exceptionally protected marine environment. This coral reef acts as a natural bulwark against the inclemency of the open sea, providing calm waters conducive to a variety of maritime and economic activities.<\/p>\t\t\t\t\t\t\t\t<\/div>\n\t\t\t\t<\/div>\n\t\t\t\t<\/div>\n\t\t\t\t\t<\/div>\n\t\t\t\t<\/div>\n\t\t<div class=\"elementor-element elementor-element-98f43e3 e-flex e-con-boxed e-con e-parent\" data-id=\"98f43e3\" data-element_type=\"container\" data-e-type=\"container\" data-settings=\"{&quot;background_background&quot;:&quot;classic&quot;}\">\n\t\t\t\t\t<div class=\"e-con-inner\">\n\t\t\t\t<div class=\"elementor-element elementor-element-03a85ab elementor-widget__width-initial elementor-widget elementor-widget-heading\" data-id=\"03a85ab\" data-element_type=\"widget\" data-e-type=\"widget\" data-widget_type=\"heading.default\">\n\t\t\t\t<div class=\"elementor-widget-container\">\n\t\t\t\t\t<h2 class=\"elementor-heading-title elementor-size-default\">Marine biodiversity <b>rich <\/b>and <b>preserved<\/b><\/h2>\t\t\t\t<\/div>\n\t\t\t\t<\/div>\n\t\t\t\t<div class=\"elementor-element elementor-element-1ad478c elementor-absolute elementor-widget-laptop__width-initial elementor-widget elementor-widget-image\" data-id=\"1ad478c\" data-element_type=\"widget\" data-e-type=\"widget\" data-settings=\"{&quot;_position&quot;:&quot;absolute&quot;}\" data-widget_type=\"image.default\">\n\t\t\t\t<div class=\"elementor-widget-container\">\n\t\t\t\t\t\t\t\t\t\t\t\t\t\t\t<img decoding=\"async\" width=\"591\" height=\"553\" src=\"https:\/\/www.investinmayotte.fr\/wp-content\/uploads\/2025\/05\/yelow-right-element.svg\" class=\"attachment-full size-full wp-image-391\" alt=\"\" \/>\t\t\t\t\t\t\t\t\t\t\t\t\t\t\t<\/div>\n\t\t\t\t<\/div>\n\t\t\t\t<div class=\"elementor-element elementor-element-029e600 elementor-widget__width-initial elementor-widget elementor-widget-text-editor\" data-id=\"029e600\" data-element_type=\"widget\" data-e-type=\"widget\" data-widget_type=\"text-editor.default\">\n\t\t\t\t<div class=\"elementor-widget-container\">\n\t\t\t\t\t\t\t\t\t<p><span style=\"font-weight: 400;\">The lagoon is home to exceptional biodiversity, serving as a refuge and nursery for numerous marine species:<\/span><span style=\"font-weight: 400;\">\u200b<\/span><\/p>\t\t\t\t\t\t\t\t<\/div>\n\t\t\t\t<\/div>\n\t\t<div class=\"elementor-element elementor-element-a817784 e-grid e-con-full e-con e-child\" data-id=\"a817784\" data-element_type=\"container\" data-e-type=\"container\">\n\t\t<div class=\"elementor-element elementor-element-589976d e-con-full e-flex elementor-invisible e-con e-child\" data-id=\"589976d\" data-element_type=\"container\" data-e-type=\"container\" data-settings=\"{&quot;background_background&quot;:&quot;classic&quot;,&quot;animation&quot;:&quot;slideInUp&quot;}\">\n\t\t\t\t<div class=\"elementor-element elementor-element-b977c1d elementor-widget__width-inherit elementor-widget-mobile__width-initial elementor-widget elementor-widget-image\" data-id=\"b977c1d\" data-element_type=\"widget\" data-e-type=\"widget\" data-widget_type=\"image.default\">\n\t\t\t\t<div class=\"elementor-widget-container\">\n\t\t\t\t\t\t\t\t\t\t\t\t\t\t\t<img decoding=\"async\" width=\"1024\" height=\"774\" src=\"https:\/\/www.investinmayotte.fr\/wp-content\/uploads\/2025\/05\/tortuemarines-jardinmaore.webp\" class=\"attachment-full size-full wp-image-893\" alt=\"\" srcset=\"https:\/\/www.investinmayotte.fr\/wp-content\/uploads\/2025\/05\/tortuemarines-jardinmaore.webp 1024w, https:\/\/www.investinmayotte.fr\/wp-content\/uploads\/2025\/05\/tortuemarines-jardinmaore-300x227.webp 300w, https:\/\/www.investinmayotte.fr\/wp-content\/uploads\/2025\/05\/tortuemarines-jardinmaore-768x581.webp 768w\" sizes=\"(max-width: 1024px) 100vw, 1024px\" \/>\t\t\t\t\t\t\t\t\t\t\t\t\t\t\t<\/div>\n\t\t\t\t<\/div>\n\t\t<div class=\"elementor-element elementor-element-262ae28 e-con-full e-flex e-con e-child\" data-id=\"262ae28\" data-element_type=\"container\" data-e-type=\"container\">\n\t\t\t\t<div class=\"elementor-element elementor-element-f30a311 elementor-widget-mobile__width-initial elementor-widget__width-inherit elementor-widget elementor-widget-heading\" data-id=\"f30a311\" data-element_type=\"widget\" data-e-type=\"widget\" data-widget_type=\"heading.default\">\n\t\t\t\t<div class=\"elementor-widget-container\">\n\t\t\t\t\t<h3 class=\"elementor-heading-title elementor-size-default\">Sea Turtles<\/h3>\t\t\t\t<\/div>\n\t\t\t\t<\/div>\n\t\t\t\t<div class=\"elementor-element elementor-element-b46c60b elementor-widget elementor-widget-text-editor\" data-id=\"b46c60b\" data-element_type=\"widget\" data-e-type=\"widget\" data-widget_type=\"text-editor.default\">\n\t\t\t\t<div class=\"elementor-widget-container\">\n\t\t\t\t\t\t\t\t\t<p>Green and hawksbill turtles use the lagoon's grass beds as feeding grounds and the beaches for egg-laying.<\/p>\t\t\t\t\t\t\t\t<\/div>\n\t\t\t\t<\/div>\n\t\t\t\t<\/div>\n\t\t\t\t<\/div>\n\t\t<div class=\"elementor-element elementor-element-f8d65b5 e-con-full e-flex elementor-invisible e-con e-child\" data-id=\"f8d65b5\" data-element_type=\"container\" data-e-type=\"container\" data-settings=\"{&quot;background_background&quot;:&quot;classic&quot;,&quot;animation&quot;:&quot;slideInUp&quot;}\">\n\t\t\t\t<div class=\"elementor-element elementor-element-7362c33 elementor-widget__width-inherit elementor-widget-mobile__width-initial elementor-widget elementor-widget-image\" data-id=\"7362c33\" data-element_type=\"widget\" data-e-type=\"widget\" data-widget_type=\"image.default\">\n\t\t\t\t<div class=\"elementor-widget-container\">\n\t\t\t\t\t\t\t\t\t\t\t\t\t\t\t<img loading=\"lazy\" decoding=\"async\" width=\"1280\" height=\"853\" src=\"https:\/\/www.investinmayotte.fr\/wp-content\/uploads\/2025\/06\/Dauphins.jpg\" class=\"attachment-full size-full wp-image-1093\" alt=\"Mammif\u00e8res Marins - Mayotte\" srcset=\"https:\/\/www.investinmayotte.fr\/wp-content\/uploads\/2025\/06\/Dauphins.jpg 1280w, https:\/\/www.investinmayotte.fr\/wp-content\/uploads\/2025\/06\/Dauphins-300x200.jpg 300w, https:\/\/www.investinmayotte.fr\/wp-content\/uploads\/2025\/06\/Dauphins-1024x682.jpg 1024w, https:\/\/www.investinmayotte.fr\/wp-content\/uploads\/2025\/06\/Dauphins-768x512.jpg 768w\" sizes=\"(max-width: 1280px) 100vw, 1280px\" \/>\t\t\t\t\t\t\t\t\t\t\t\t\t\t\t<\/div>\n\t\t\t\t<\/div>\n\t\t<div class=\"elementor-element elementor-element-5928c7a e-con-full e-flex e-con e-child\" data-id=\"5928c7a\" data-element_type=\"container\" data-e-type=\"container\">\n\t\t\t\t<div class=\"elementor-element elementor-element-9809136 elementor-widget-mobile__width-initial elementor-widget__width-inherit elementor-widget elementor-widget-heading\" data-id=\"9809136\" data-element_type=\"widget\" data-e-type=\"widget\" data-widget_type=\"heading.default\">\n\t\t\t\t<div class=\"elementor-widget-container\">\n\t\t\t\t\t<h3 class=\"elementor-heading-title elementor-size-default\">Marine mammals<\/h3>\t\t\t\t<\/div>\n\t\t\t\t<\/div>\n\t\t\t\t<div class=\"elementor-element elementor-element-418dd30 elementor-widget elementor-widget-text-editor\" data-id=\"418dd30\" data-element_type=\"widget\" data-e-type=\"widget\" data-widget_type=\"text-editor.default\">\n\t\t\t\t<div class=\"elementor-widget-container\">\n\t\t\t\t\t\t\t\t\t<p>The lagoon is frequented by dolphins, dugongs and, from July to October, humpback whales that calve and raise their young in these protected waters. <\/p>\t\t\t\t\t\t\t\t<\/div>\n\t\t\t\t<\/div>\n\t\t\t\t<\/div>\n\t\t\t\t<\/div>\n\t\t<div class=\"elementor-element elementor-element-35f1387 e-con-full e-flex elementor-invisible e-con e-child\" data-id=\"35f1387\" data-element_type=\"container\" data-e-type=\"container\" data-settings=\"{&quot;background_background&quot;:&quot;classic&quot;,&quot;animation&quot;:&quot;slideInUp&quot;}\">\n\t\t\t\t<div class=\"elementor-element elementor-element-5dd92cb elementor-widget__width-inherit elementor-widget-mobile__width-initial elementor-widget elementor-widget-image\" data-id=\"5dd92cb\" data-element_type=\"widget\" data-e-type=\"widget\" data-widget_type=\"image.default\">\n\t\t\t\t<div class=\"elementor-widget-container\">\n\t\t\t\t\t\t\t\t\t\t\t\t\t\t\t<img loading=\"lazy\" decoding=\"async\" width=\"1280\" height=\"960\" src=\"https:\/\/www.investinmayotte.fr\/wp-content\/uploads\/2025\/06\/Coraux-et-Poissons-Tropicaux.jpg\" class=\"attachment-full size-full wp-image-1095\" alt=\"Coraux et Poissons Tropicaux\" srcset=\"https:\/\/www.investinmayotte.fr\/wp-content\/uploads\/2025\/06\/Coraux-et-Poissons-Tropicaux.jpg 1280w, https:\/\/www.investinmayotte.fr\/wp-content\/uploads\/2025\/06\/Coraux-et-Poissons-Tropicaux-300x225.jpg 300w, https:\/\/www.investinmayotte.fr\/wp-content\/uploads\/2025\/06\/Coraux-et-Poissons-Tropicaux-1024x768.jpg 1024w, https:\/\/www.investinmayotte.fr\/wp-content\/uploads\/2025\/06\/Coraux-et-Poissons-Tropicaux-768x576.jpg 768w\" sizes=\"(max-width: 1280px) 100vw, 1280px\" \/>\t\t\t\t\t\t\t\t\t\t\t\t\t\t\t<\/div>\n\t\t\t\t<\/div>\n\t\t<div class=\"elementor-element elementor-element-946637f e-con-full e-flex e-con e-child\" data-id=\"946637f\" data-element_type=\"container\" data-e-type=\"container\">\n\t\t\t\t<div class=\"elementor-element elementor-element-d380b43 elementor-widget-mobile__width-initial elementor-widget__width-inherit elementor-widget elementor-widget-heading\" data-id=\"d380b43\" data-element_type=\"widget\" data-e-type=\"widget\" data-widget_type=\"heading.default\">\n\t\t\t\t<div class=\"elementor-widget-container\">\n\t\t\t\t\t<h3 class=\"elementor-heading-title elementor-size-default\">Corals and Tropical Fish<\/h3>\t\t\t\t<\/div>\n\t\t\t\t<\/div>\n\t\t\t\t<div class=\"elementor-element elementor-element-338968e elementor-widget elementor-widget-text-editor\" data-id=\"338968e\" data-element_type=\"widget\" data-e-type=\"widget\" data-widget_type=\"text-editor.default\">\n\t\t\t\t<div class=\"elementor-widget-container\">\n\t\t\t\t\t\t\t\t\t<p><span style=\"font-weight: 400;\">Coral reefs are home to a multitude of species, contributing to the lagoon's ecological richness.<\/span><span style=\"font-weight: 400;\">\u200b<\/span><\/p>\t\t\t\t\t\t\t\t<\/div>\n\t\t\t\t<\/div>\n\t\t\t\t<\/div>\n\t\t\t\t<\/div>\n\t\t\t\t<\/div>\n\t\t\t\t\t<\/div>\n\t\t\t\t<\/div>\n\t\t<div class=\"elementor-element elementor-element-8e8588b e-con-full e-flex e-con e-parent\" data-id=\"8e8588b\" data-element_type=\"container\" data-e-type=\"container\" data-settings=\"{&quot;background_background&quot;:&quot;classic&quot;}\">\n\t\t<div class=\"elementor-element elementor-element-d0aee76 e-flex e-con-boxed e-con e-child\" data-id=\"d0aee76\" data-element_type=\"container\" data-e-type=\"container\" data-settings=\"{&quot;background_background&quot;:&quot;classic&quot;}\">\n\t\t\t\t\t<div class=\"e-con-inner\">\n\t\t<div class=\"elementor-element elementor-element-7fcbaa1 e-con-full e-flex e-con e-child\" data-id=\"7fcbaa1\" data-element_type=\"container\" data-e-type=\"container\">\n\t\t\t\t<div class=\"elementor-element elementor-element-ee0bb98 elementor-widget elementor-widget-heading\" data-id=\"ee0bb98\" data-element_type=\"widget\" data-e-type=\"widget\" data-widget_type=\"heading.default\">\n\t\t\t\t<div class=\"elementor-widget-container\">\n\t\t\t\t\t<h2 class=\"elementor-heading-title elementor-size-default\">A protected area conducive to <b>development of the blue economy<\/b>\n<\/h2>\t\t\t\t<\/div>\n\t\t\t\t<\/div>\n\t\t\t\t<div class=\"elementor-element elementor-element-fd3b28c elementor-widget elementor-widget-text-editor\" data-id=\"fd3b28c\" data-element_type=\"widget\" data-e-type=\"widget\" data-widget_type=\"text-editor.default\">\n\t\t\t\t<div class=\"elementor-widget-container\">\n\t\t\t\t\t\t\t\t\t<p><span style=\"font-weight: 400;\">Thanks to its double barrier reef, the lagoon offers a sheltered maritime environment, ideal for the development of activities linked to the blue economy:<\/span><span style=\"font-weight: 400;\">\u200b<\/span><\/p>\t\t\t\t\t\t\t\t<\/div>\n\t\t\t\t<\/div>\n\t\t\t\t<\/div>\n\t\t<div class=\"elementor-element elementor-element-82d49fc e-grid e-con-full e-con e-child\" data-id=\"82d49fc\" data-element_type=\"container\" data-e-type=\"container\">\n\t\t\t\t<div class=\"elementor-element elementor-element-1a82bee elementor-view-stacked elementor-shape-circle elementor-position-block-start elementor-mobile-position-block-start elementor-widget elementor-widget-icon-box\" data-id=\"1a82bee\" data-element_type=\"widget\" data-e-type=\"widget\" data-widget_type=\"icon-box.default\">\n\t\t\t\t<div class=\"elementor-widget-container\">\n\t\t\t\t\t\t\t<div class=\"elementor-icon-box-wrapper\">\n\n\t\t\t\t\t\t<div class=\"elementor-icon-box-icon\">\n\t\t\t\t<span  class=\"elementor-icon\">\n\t\t\t\t<i aria-hidden=\"true\" class=\"iconphosphor-regular icon-phosphor-regularleaf\"><\/i>\t\t\t\t<\/span>\n\t\t\t<\/div>\n\t\t\t\n\t\t\t\t\t\t<div class=\"elementor-icon-box-content\">\n\n\t\t\t\t\t\t\t\t\t<h3 class=\"elementor-icon-box-title\">\n\t\t\t\t\t\t<span  >\n\t\t\t\t\t\t\tEcotourism \t\t\t\t\t\t<\/span>\n\t\t\t\t\t<\/h3>\n\t\t\t\t\n\t\t\t\t\t\t\t\t\t<p class=\"elementor-icon-box-description\">\n\t\t\t\t\t\tThe lagoon's safe conditions encourage water-based activities such as diving, snorkeling and marine mammal-watching excursions, attracting sustainable tourism.\n\t\t\t\t\t<\/p>\n\t\t\t\t\n\t\t\t<\/div>\n\t\t\t\n\t\t<\/div>\n\t\t\t\t\t\t<\/div>\n\t\t\t\t<\/div>\n\t\t\t\t<div class=\"elementor-element elementor-element-3fcc7d9 elementor-view-stacked elementor-shape-circle elementor-position-block-start elementor-mobile-position-block-start elementor-widget elementor-widget-icon-box\" data-id=\"3fcc7d9\" data-element_type=\"widget\" data-e-type=\"widget\" data-widget_type=\"icon-box.default\">\n\t\t\t\t<div class=\"elementor-widget-container\">\n\t\t\t\t\t\t\t<div class=\"elementor-icon-box-wrapper\">\n\n\t\t\t\t\t\t<div class=\"elementor-icon-box-icon\">\n\t\t\t\t<span  class=\"elementor-icon\">\n\t\t\t\t<i aria-hidden=\"true\" class=\"iconphosphor-regular icon-phosphor-regularfish-simple-1\"><\/i>\t\t\t\t<\/span>\n\t\t\t<\/div>\n\t\t\t\n\t\t\t\t\t\t<div class=\"elementor-icon-box-content\">\n\n\t\t\t\t\t\t\t\t\t<h3 class=\"elementor-icon-box-title\">\n\t\t\t\t\t\t<span  >\n\t\t\t\t\t\t\tAquaculture \t\t\t\t\t\t<\/span>\n\t\t\t\t\t<\/h3>\n\t\t\t\t\n\t\t\t\t\t\t\t\t\t<p class=\"elementor-icon-box-description\">\n\t\t\t\t\t\tThe calm, protected waters are ideal for farming various marine species, offering opportunities for sustainable, innovative aquaculture.\t\t\t\t\t<\/p>\n\t\t\t\t\n\t\t\t<\/div>\n\t\t\t\n\t\t<\/div>\n\t\t\t\t\t\t<\/div>\n\t\t\t\t<\/div>\n\t\t\t\t<\/div>\n\t\t\t\t\t<\/div>\n\t\t\t\t<\/div>\n\t\t\t\t<\/div>\n\t\t<div class=\"elementor-element elementor-element-2ade3e5 e-flex e-con-boxed e-con e-parent\" data-id=\"2ade3e5\" data-element_type=\"container\" data-e-type=\"container\" data-settings=\"{&quot;background_background&quot;:&quot;classic&quot;}\">\n\t\t\t\t\t<div class=\"e-con-inner\">\n\t\t\t\t<div class=\"elementor-element elementor-element-c0b3a27 elementor-widget__width-initial elementor-widget-mobile__width-inherit elementor-widget elementor-widget-image\" data-id=\"c0b3a27\" data-element_type=\"widget\" data-e-type=\"widget\" data-widget_type=\"image.default\">\n\t\t\t\t<div class=\"elementor-widget-container\">\n\t\t\t\t\t\t\t\t\t\t\t\t\t\t\t<img loading=\"lazy\" decoding=\"async\" width=\"1280\" height=\"854\" src=\"https:\/\/www.investinmayotte.fr\/wp-content\/uploads\/2025\/06\/Le-parc-naturel-marin-de-Mayotte.jpg\" class=\"attachment-full size-full wp-image-1108\" alt=\"Le parc naturel marin de Mayotte\" srcset=\"https:\/\/www.investinmayotte.fr\/wp-content\/uploads\/2025\/06\/Le-parc-naturel-marin-de-Mayotte.jpg 1280w, https:\/\/www.investinmayotte.fr\/wp-content\/uploads\/2025\/06\/Le-parc-naturel-marin-de-Mayotte-300x200.jpg 300w, https:\/\/www.investinmayotte.fr\/wp-content\/uploads\/2025\/06\/Le-parc-naturel-marin-de-Mayotte-1024x683.jpg 1024w, https:\/\/www.investinmayotte.fr\/wp-content\/uploads\/2025\/06\/Le-parc-naturel-marin-de-Mayotte-768x512.jpg 768w\" sizes=\"(max-width: 1280px) 100vw, 1280px\" \/>\t\t\t\t\t\t\t\t\t\t\t\t\t\t\t<\/div>\n\t\t\t\t<\/div>\n\t\t<div class=\"elementor-element elementor-element-f84c6c2 e-con-full e-flex e-con e-child\" data-id=\"f84c6c2\" data-element_type=\"container\" data-e-type=\"container\">\n\t\t\t\t<div class=\"elementor-element elementor-element-7605bc9 elementor-widget elementor-widget-heading\" data-id=\"7605bc9\" data-element_type=\"widget\" data-e-type=\"widget\" data-widget_type=\"heading.default\">\n\t\t\t\t<div class=\"elementor-widget-container\">\n\t\t\t\t\t<h2 class=\"elementor-heading-title elementor-size-default\"><b>Mayotte Marine Natural Park:<\/b> committed management of the Lagoon<\/h2>\t\t\t\t<\/div>\n\t\t\t\t<\/div>\n\t\t\t\t<div class=\"elementor-element elementor-element-5e84aba elementor-widget elementor-widget-text-editor\" data-id=\"5e84aba\" data-element_type=\"widget\" data-e-type=\"widget\" data-widget_type=\"text-editor.default\">\n\t\t\t\t<div class=\"elementor-widget-container\">\n\t\t\t\t\t\t\t\t\t<p><span style=\"font-weight: 400;\">Created in 2010, the Parc Naturel Marin de Mayotte covers the entirety of the island's territorial waters, some 70,000 km\u00b2, making it the largest marine park in France. Its aim is to reconcile protection of the marine environment with the sustainable development of sea-related activities. The park's management plan, drawn up in consultation with local stakeholders, defines the guidelines and actions required to preserve this unique ecosystem while supporting environmentally-friendly economic initiatives. <a href=\"https:\/\/parc-marin-mayotte.fr\/documentation\/plan-de-gestion-du-parc-naturel-marin-de-mayotte?utm_source=chatgpt.com\" target=\"_blank\" rel=\"noopener\">Mayotte Marine Park Management Plan |Parc naturel marin Mayotte<\/a>\u00a0<\/span><span style=\"font-weight: 400;\">\u200b<\/span><\/p>\t\t\t\t\t\t\t\t<\/div>\n\t\t\t\t<\/div>\n\t\t<div class=\"elementor-element elementor-element-37d2546 e-con-full e-flex e-con e-child\" data-id=\"37d2546\" data-element_type=\"container\" data-e-type=\"container\" data-settings=\"{&quot;background_background&quot;:&quot;classic&quot;}\">\n\t\t\t\t<div class=\"elementor-element elementor-element-c133d03 elementor-widget elementor-widget-text-editor\" data-id=\"c133d03\" data-element_type=\"widget\" data-e-type=\"widget\" data-widget_type=\"text-editor.default\">\n\t\t\t\t<div class=\"elementor-widget-container\">\n\t\t\t\t\t\t\t\t\t<p><span style=\"font-weight: 400;\">For more information on the Parc Naturel Marin de Mayotte and its activities, please visit their official website.<\/span><\/p>\t\t\t\t\t\t\t\t<\/div>\n\t\t\t\t<\/div>\n\t\t\t\t<div class=\"elementor-element elementor-element-9501e4a e-transform elementor-widget elementor-widget-button\" data-id=\"9501e4a\" data-element_type=\"widget\" data-e-type=\"widget\" data-settings=\"{&quot;_transform_scale_effect_hover&quot;:{&quot;unit&quot;:&quot;px&quot;,&quot;size&quot;:1.0300000000000000266453525910037569701671600341796875,&quot;sizes&quot;:[]},&quot;_transform_scale_effect_hover_laptop&quot;:{&quot;unit&quot;:&quot;px&quot;,&quot;size&quot;:&quot;&quot;,&quot;sizes&quot;:[]},&quot;_transform_scale_effect_hover_tablet&quot;:{&quot;unit&quot;:&quot;px&quot;,&quot;size&quot;:&quot;&quot;,&quot;sizes&quot;:[]},&quot;_transform_scale_effect_hover_mobile&quot;:{&quot;unit&quot;:&quot;px&quot;,&quot;size&quot;:&quot;&quot;,&quot;sizes&quot;:[]}}\" data-widget_type=\"button.default\">\n\t\t\t\t<div class=\"elementor-widget-container\">\n\t\t\t\t\t\t\t\t\t<div class=\"elementor-button-wrapper\">\n\t\t\t\t\t<a class=\"elementor-button elementor-button-link elementor-size-sm\" href=\"https:\/\/parc-marin-mayotte.fr\/\" target=\"_blank\" rel=\"noopener\">\n\t\t\t\t\t\t<span class=\"elementor-button-content-wrapper\">\n\t\t\t\t\t\t<span class=\"elementor-button-icon\">\n\t\t\t\t<i aria-hidden=\"true\" class=\"iconphosphor-regular icon-phosphor-regulararrow-up-right-1\"><\/i>\t\t\t<\/span>\n\t\t\t\t\t\t\t\t\t<span class=\"elementor-button-text\">parc-marin-mayotte.fr<\/span>\n\t\t\t\t\t<\/span>\n\t\t\t\t\t<\/a>\n\t\t\t\t<\/div>\n\t\t\t\t\t\t\t\t<\/div>\n\t\t\t\t<\/div>\n\t\t\t\t<\/div>\n\t\t\t\t<\/div>\n\t\t\t\t\t<\/div>\n\t\t\t\t<\/div>\n\t\t\t\t<\/div>","protected":false},"excerpt":{"rendered":"<p>Pourquoi investir \u00e0 Mayotte ? \u200bLe lagon de Mayotte, v\u00e9ritable joyau de l&rsquo;oc\u00e9an Indien, est un atout majeur pour le d\u00e9veloppement \u00e9conomique et l&rsquo;innovation sur l&rsquo;\u00eele. Un lagon exceptionnel ceintur\u00e9 par une double barri\u00e8re de corail Mayotte est entour\u00e9e par une double barri\u00e8re de corail rare, l&rsquo;une des moins de dix existant dans le monde. [&hellip;]<\/p>\n","protected":false},"author":1,"featured_media":0,"parent":0,"menu_order":0,"comment_status":"closed","ping_status":"closed","template":"","meta":{"_acf_changed":false,"footnotes":""},"class_list":["post-1066","page","type-page","status-publish","hentry"],"blocksy_meta":[],"acf":[],"_links":{"self":[{"href":"https:\/\/www.investinmayotte.fr\/en\/wp-json\/wp\/v2\/pages\/1066","targetHints":{"allow":["GET"]}}],"collection":[{"href":"https:\/\/www.investinmayotte.fr\/en\/wp-json\/wp\/v2\/pages"}],"about":[{"href":"https:\/\/www.investinmayotte.fr\/en\/wp-json\/wp\/v2\/types\/page"}],"author":[{"embeddable":true,"href":"https:\/\/www.investinmayotte.fr\/en\/wp-json\/wp\/v2\/users\/1"}],"replies":[{"embeddable":true,"href":"https:\/\/www.investinmayotte.fr\/en\/wp-json\/wp\/v2\/comments?post=1066"}],"version-history":[{"count":46,"href":"https:\/\/www.investinmayotte.fr\/en\/wp-json\/wp\/v2\/pages\/1066\/revisions"}],"predecessor-version":[{"id":1175,"href":"https:\/\/www.investinmayotte.fr\/en\/wp-json\/wp\/v2\/pages\/1066\/revisions\/1175"}],"wp:attachment":[{"href":"https:\/\/www.investinmayotte.fr\/en\/wp-json\/wp\/v2\/media?parent=1066"}],"curies":[{"name":"wp","href":"https:\/\/api.w.org\/{rel}","templated":true}]}}